{"id":4442,"date":"2022-01-05T17:47:27","date_gmt":"2022-01-05T16:47:27","guid":{"rendered":"https:\/\/orthopus.com\/?page_id=4442"},"modified":"2026-03-03T10:15:18","modified_gmt":"2026-03-03T09:15:18","slug":"jobs","status":"publish","type":"page","link":"https:\/\/orthopus.com\/fr\/jobs\/","title":{"rendered":"Jobs"},"content":{"rendered":"\t\t<div data-elementor-type=\"wp-page\" data-elementor-id=\"4442\" class=\"elementor elementor-4442\" data-elementor-post-type=\"page\">\n\t\t\t\t\t\t<section class=\"elementor-section elementor-top-section elementor-element elementor-element-de76b96 elementor-section-boxed elementor-section-height-default elementor-section-height-default elementor-invisible\" data-id=\"de76b96\" data-element_type=\"section\" data-e-type=\"section\" data-settings=\"{&quot;jet_parallax_layout_list&quot;:[],&quot;animation&quot;:&quot;fadeIn&quot;}\">\n\t\t\t\t\t\t<div class=\"elementor-container elementor-column-gap-default\">\n\t\t\t\t\t<div class=\"elementor-column elementor-col-100 elementor-top-column elementor-element elementor-element-19d249e\" data-id=\"19d249e\" data-element_type=\"column\" data-e-type=\"column\">\n\t\t\t<div class=\"elementor-widget-wrap elementor-element-populated\">\n\t\t\t\t\t\t<div class=\"elementor-element elementor-element-e1bbde4 elementor-widget elementor-widget-spacer\" data-id=\"e1bbde4\" data-element_type=\"widget\" data-e-type=\"widget\" data-widget_type=\"spacer.default\">\n\t\t\t\t<div class=\"elementor-widget-container\">\n\t\t\t\t\t\t\t<div class=\"elementor-spacer\">\n\t\t\t<div class=\"elementor-spacer-inner\"><\/div>\n\t\t<\/div>\n\t\t\t\t\t\t<\/div>\n\t\t\t\t<\/div>\n\t\t\t\t<div class=\"elementor-element elementor-element-47ba257 elementor-widget elementor-widget-heading\" data-id=\"47ba257\" data-element_type=\"widget\" data-e-type=\"widget\" data-widget_type=\"heading.default\">\n\t\t\t\t<div class=\"elementor-widget-container\">\n\t\t\t\t\t<h1 class=\"elementor-heading-title elementor-size-default\">JOBS<\/h1>\t\t\t\t<\/div>\n\t\t\t\t<\/div>\n\t\t\t\t<div class=\"elementor-element elementor-element-1a2cae1 elementor-widget elementor-widget-spacer\" data-id=\"1a2cae1\" data-element_type=\"widget\" data-e-type=\"widget\" data-widget_type=\"spacer.default\">\n\t\t\t\t<div class=\"elementor-widget-container\">\n\t\t\t\t\t\t\t<div class=\"elementor-spacer\">\n\t\t\t<div class=\"elementor-spacer-inner\"><\/div>\n\t\t<\/div>\n\t\t\t\t\t\t<\/div>\n\t\t\t\t<\/div>\n\t\t\t\t\t<\/div>\n\t\t<\/div>\n\t\t\t\t\t<\/div>\n\t\t<\/section>\n\t\t\t\t<section class=\"elementor-section elementor-top-section elementor-element elementor-element-0e14679 elementor-section-boxed elementor-section-height-default elementor-section-height-default\" data-id=\"0e14679\" data-element_type=\"section\" data-e-type=\"section\" data-settings=\"{&quot;jet_parallax_layout_list&quot;:[],&quot;background_background&quot;:&quot;classic&quot;}\">\n\t\t\t\t\t\t<div class=\"elementor-container elementor-column-gap-default\">\n\t\t\t\t\t<div class=\"elementor-column elementor-col-100 elementor-top-column elementor-element elementor-element-5b64002\" data-id=\"5b64002\" data-element_type=\"column\" data-e-type=\"column\">\n\t\t\t<div class=\"elementor-widget-wrap elementor-element-populated\">\n\t\t\t\t\t\t<div class=\"elementor-element elementor-element-8bdb5c6 elementor-widget elementor-widget-heading\" data-id=\"8bdb5c6\" data-element_type=\"widget\" data-e-type=\"widget\" data-widget_type=\"heading.default\">\n\t\t\t\t<div class=\"elementor-widget-container\">\n\t\t\t\t\t<h2 class=\"elementor-heading-title elementor-size-default\">OFFRES D'EMPLOI<\/h2>\t\t\t\t<\/div>\n\t\t\t\t<\/div>\n\t\t\t\t<div class=\"elementor-element elementor-element-b4e6b57 elementor-widget elementor-widget-text-editor\" data-id=\"b4e6b57\" data-element_type=\"widget\" data-e-type=\"widget\" data-widget_type=\"text-editor.default\">\n\t\t\t\t<div class=\"elementor-widget-container\">\n\t\t\t\t\t\t\t\t\tActuellement, aucun poste n\u2019est ouvert au recrutement.\n\nN\u2019h\u00e9sitez pas \u00e0 consulter cette page r\u00e9guli\u00e8rement ou \u00e0 nous suivre pour \u00eatre inform\u00e9\u2022e de nos prochaines opportunit\u00e9s.\t\t\t\t\t\t\t\t<\/div>\n\t\t\t\t<\/div>\n\t\t\t\t<div class=\"elementor-element elementor-element-a4e8642 elementor-widget-divider--view-line elementor-widget elementor-widget-divider\" data-id=\"a4e8642\" data-element_type=\"widget\" data-e-type=\"widget\" data-widget_type=\"divider.default\">\n\t\t\t\t<div class=\"elementor-widget-container\">\n\t\t\t\t\t\t\t<div class=\"elementor-divider\">\n\t\t\t<span class=\"elementor-divider-separator\">\n\t\t\t\t\t\t<\/span>\n\t\t<\/div>\n\t\t\t\t\t\t<\/div>\n\t\t\t\t<\/div>\n\t\t\t\t<div class=\"elementor-element elementor-element-1f85e92 elementor-widget elementor-widget-heading\" data-id=\"1f85e92\" data-element_type=\"widget\" data-e-type=\"widget\" data-widget_type=\"heading.default\">\n\t\t\t\t<div class=\"elementor-widget-container\">\n\t\t\t\t\t<h2 class=\"elementor-heading-title elementor-size-default\">OFFRES DE STAGE<\/h2>\t\t\t\t<\/div>\n\t\t\t\t<\/div>\n\t\t\t\t<div class=\"elementor-element elementor-element-ed81626 elementor-widget elementor-widget-text-editor\" data-id=\"ed81626\" data-element_type=\"widget\" data-e-type=\"widget\" data-widget_type=\"text-editor.default\">\n\t\t\t\t<div class=\"elementor-widget-container\">\n\t\t\t\t\t\t\t\t\tNos offres de stage sont sur des p\u00e9riodes de <strong>6 mois (f\u00e9vrier\/juillet &#8211; septembre\/f\u00e9vrier)<\/strong>.\n\nLes candidatures se font exclusivement via les offres que nous publions sur cette page, et sur notre compte <a href=\"https:\/\/fr.linkedin.com\/company\/orthopus\" target=\"_blank\" rel=\"noopener\">Linkedin<\/a>.\n\nActuellement aucun poste de stagiaire n&#8217;est ouvert au recrutement. N&#8217;h\u00e9sitez pas \u00e0 consulter cette page r\u00e9guli\u00e8rement ou \u00e0 nous suivre pour \u00eatre inform\u00e9\u2022e de nos prochaines opportunit\u00e9s.\t\t\t\t\t\t\t\t<\/div>\n\t\t\t\t<\/div>\n\t\t\t\t<div class=\"elementor-element elementor-element-73e71e4 elementor-widget-divider--view-line elementor-widget elementor-widget-divider\" data-id=\"73e71e4\" data-element_type=\"widget\" data-e-type=\"widget\" data-widget_type=\"divider.default\">\n\t\t\t\t<div class=\"elementor-widget-container\">\n\t\t\t\t\t\t\t<div class=\"elementor-divider\">\n\t\t\t<span class=\"elementor-divider-separator\">\n\t\t\t\t\t\t<\/span>\n\t\t<\/div>\n\t\t\t\t\t\t<\/div>\n\t\t\t\t<\/div>\n\t\t\t\t<div class=\"elementor-element elementor-element-de0f437 elementor-widget elementor-widget-text-editor\" data-id=\"de0f437\" data-element_type=\"widget\" data-e-type=\"widget\" data-widget_type=\"text-editor.default\">\n\t\t\t\t<div class=\"elementor-widget-container\">\n\t\t\t\t\t\t\t\t\t<strong>Suivez <a href=\"https:\/\/www.linkedin.com\/company\/13016366\/admin\/\" target=\"_blank\" rel=\"noopener\">notre page linkedin<\/a> pour \u00eatre averti\u2022e lors de la publication de nouvelles offres.<\/strong>\t\t\t\t\t\t\t\t<\/div>\n\t\t\t\t<\/div>\n\t\t\t\t<div class=\"elementor-element elementor-element-d309b1d elementor-widget elementor-widget-spacer\" data-id=\"d309b1d\" data-element_type=\"widget\" data-e-type=\"widget\" data-widget_type=\"spacer.default\">\n\t\t\t\t<div class=\"elementor-widget-container\">\n\t\t\t\t\t\t\t<div class=\"elementor-spacer\">\n\t\t\t<div class=\"elementor-spacer-inner\"><\/div>\n\t\t<\/div>\n\t\t\t\t\t\t<\/div>\n\t\t\t\t<\/div>\n\t\t\t\t\t<\/div>\n\t\t<\/div>\n\t\t\t\t\t<\/div>\n\t\t<\/section>\n\t\t\t\t<\/div>\n\t\t","protected":false},"excerpt":{"rendered":"<p>JOBS OFFRES D&#8217;EMPLOI Actuellement, aucun poste n\u2019est ouvert au recrutement. N\u2019h\u00e9sitez pas \u00e0 consulter cette page r\u00e9guli\u00e8rement ou \u00e0 nous suivre pour \u00eatre inform\u00e9\u2022e de nos prochaines opportunit\u00e9s. OFFRES DE STAGE Nos offres de stage sont sur des p\u00e9riodes de 6 mois (f\u00e9vrier\/juillet &#8211; septembre\/f\u00e9vrier). Les candidatures se font exclusivement via les offres que nous [&hellip;]<\/p>\n","protected":false},"author":9,"featured_media":0,"parent":0,"menu_order":0,"comment_status":"closed","ping_status":"closed","template":"elementor_header_footer","meta":{"_jet_sm_ready_style":"","_jet_sm_style":"","_jet_sm_controls_values":"","_jet_sm_fonts_collection":"","_jet_sm_fonts_links":"","footnotes":""},"class_list":["post-4442","page","type-page","status-publish","hentry"],"yoast_head":"<!-- This site is optimized with the Yoast SEO plugin v27.4 - https:\/\/yoast.com\/product\/yoast-seo-wordpress\/ -->\n<title>Jobs - ORTHOPUS<\/title>\n<meta name=\"description\" content=\"Vous cherchez un job et vous voulez rejoindre l&#039;\u00e9quipage ? Retrouvez les offres d&#039;emploi d&#039;ORTHOPUS, en R&amp;D ou en biz dev, sur cette page.\" \/>\n<meta name=\"robots\" content=\"index, follow, max-snippet:-1, max-image-preview:large, max-video-preview:-1\" \/>\n<link rel=\"canonical\" href=\"https:\/\/orthopus.com\/fr\/jobs\/\" \/>\n<meta property=\"og:locale\" content=\"fr_FR\" \/>\n<meta property=\"og:type\" content=\"article\" \/>\n<meta property=\"og:title\" content=\"Jobs - ORTHOPUS\" \/>\n<meta property=\"og:description\" content=\"Vous cherchez un job et vous voulez rejoindre l&#039;\u00e9quipage ? Retrouvez les offres d&#039;emploi d&#039;ORTHOPUS, en R&amp;D ou en biz dev, sur cette page.\" \/>\n<meta property=\"og:url\" content=\"https:\/\/orthopus.com\/fr\/jobs\/\" \/>\n<meta property=\"og:site_name\" content=\"ORTHOPUS\" \/>\n<meta property=\"article:modified_time\" content=\"2026-03-03T09:15:18+00:00\" \/>\n<meta name=\"twitter:card\" content=\"summary_large_image\" \/>\n<meta name=\"twitter:label1\" content=\"Dur\u00e9e de lecture estim\u00e9e\" \/>\n\t<meta name=\"twitter:data1\" content=\"1 minute\" \/>\n<script type=\"application\/ld+json\" class=\"yoast-schema-graph\">{\"@context\":\"https:\\\/\\\/schema.org\",\"@graph\":[{\"@type\":\"WebPage\",\"@id\":\"https:\\\/\\\/orthopus.com\\\/fr\\\/jobs\\\/\",\"url\":\"https:\\\/\\\/orthopus.com\\\/fr\\\/jobs\\\/\",\"name\":\"Jobs - ORTHOPUS\",\"isPartOf\":{\"@id\":\"https:\\\/\\\/orthopus.com\\\/#website\"},\"datePublished\":\"2022-01-05T16:47:27+00:00\",\"dateModified\":\"2026-03-03T09:15:18+00:00\",\"description\":\"Vous cherchez un job et vous voulez rejoindre l'\u00e9quipage ? Retrouvez les offres d'emploi d'ORTHOPUS, en R&D ou en biz dev, sur cette page.\",\"breadcrumb\":{\"@id\":\"https:\\\/\\\/orthopus.com\\\/fr\\\/jobs\\\/#breadcrumb\"},\"inLanguage\":\"fr-FR\",\"potentialAction\":[{\"@type\":\"ReadAction\",\"target\":[\"https:\\\/\\\/orthopus.com\\\/fr\\\/jobs\\\/\"]}]},{\"@type\":\"BreadcrumbList\",\"@id\":\"https:\\\/\\\/orthopus.com\\\/fr\\\/jobs\\\/#breadcrumb\",\"itemListElement\":[{\"@type\":\"ListItem\",\"position\":1,\"name\":\"Accueil\",\"item\":\"https:\\\/\\\/orthopus.com\\\/fr\\\/\"},{\"@type\":\"ListItem\",\"position\":2,\"name\":\"Jobs\"}]},{\"@type\":\"WebSite\",\"@id\":\"https:\\\/\\\/orthopus.com\\\/#website\",\"url\":\"https:\\\/\\\/orthopus.com\\\/\",\"name\":\"ORTHOPUS\",\"description\":\"Handitech solutions for everyone\",\"publisher\":{\"@id\":\"https:\\\/\\\/orthopus.com\\\/#organization\"},\"potentialAction\":[{\"@type\":\"SearchAction\",\"target\":{\"@type\":\"EntryPoint\",\"urlTemplate\":\"https:\\\/\\\/orthopus.com\\\/?s={search_term_string}\"},\"query-input\":{\"@type\":\"PropertyValueSpecification\",\"valueRequired\":true,\"valueName\":\"search_term_string\"}}],\"inLanguage\":\"fr-FR\"},{\"@type\":\"Organization\",\"@id\":\"https:\\\/\\\/orthopus.com\\\/#organization\",\"name\":\"ORTHOPUS\",\"url\":\"https:\\\/\\\/orthopus.com\\\/\",\"logo\":{\"@type\":\"ImageObject\",\"inLanguage\":\"fr-FR\",\"@id\":\"https:\\\/\\\/orthopus.com\\\/#\\\/schema\\\/logo\\\/image\\\/\",\"url\":\"https:\\\/\\\/orthopus.com\\\/wp-content\\\/uploads\\\/2020\\\/04\\\/Logo-ORTHOPUS-support-de-bras-personnalisable.png\",\"contentUrl\":\"https:\\\/\\\/orthopus.com\\\/wp-content\\\/uploads\\\/2020\\\/04\\\/Logo-ORTHOPUS-support-de-bras-personnalisable.png\",\"width\":416,\"height\":98,\"caption\":\"ORTHOPUS\"},\"image\":{\"@id\":\"https:\\\/\\\/orthopus.com\\\/#\\\/schema\\\/logo\\\/image\\\/\"}}]}<\/script>\n<!-- \/ Yoast SEO plugin. -->","yoast_head_json":{"title":"Jobs - ORTHOPUS","description":"Vous cherchez un job et vous voulez rejoindre l'\u00e9quipage ? Retrouvez les offres d'emploi d'ORTHOPUS, en R&D ou en biz dev, sur cette page.","robots":{"index":"index","follow":"follow","max-snippet":"max-snippet:-1","max-image-preview":"max-image-preview:large","max-video-preview":"max-video-preview:-1"},"canonical":"https:\/\/orthopus.com\/fr\/jobs\/","og_locale":"fr_FR","og_type":"article","og_title":"Jobs - ORTHOPUS","og_description":"Vous cherchez un job et vous voulez rejoindre l'\u00e9quipage ? Retrouvez les offres d'emploi d'ORTHOPUS, en R&D ou en biz dev, sur cette page.","og_url":"https:\/\/orthopus.com\/fr\/jobs\/","og_site_name":"ORTHOPUS","article_modified_time":"2026-03-03T09:15:18+00:00","twitter_card":"summary_large_image","twitter_misc":{"Dur\u00e9e de lecture estim\u00e9e":"1 minute"},"schema":{"@context":"https:\/\/schema.org","@graph":[{"@type":"WebPage","@id":"https:\/\/orthopus.com\/fr\/jobs\/","url":"https:\/\/orthopus.com\/fr\/jobs\/","name":"Jobs - ORTHOPUS","isPartOf":{"@id":"https:\/\/orthopus.com\/#website"},"datePublished":"2022-01-05T16:47:27+00:00","dateModified":"2026-03-03T09:15:18+00:00","description":"Vous cherchez un job et vous voulez rejoindre l'\u00e9quipage ? Retrouvez les offres d'emploi d'ORTHOPUS, en R&D ou en biz dev, sur cette page.","breadcrumb":{"@id":"https:\/\/orthopus.com\/fr\/jobs\/#breadcrumb"},"inLanguage":"fr-FR","potentialAction":[{"@type":"ReadAction","target":["https:\/\/orthopus.com\/fr\/jobs\/"]}]},{"@type":"BreadcrumbList","@id":"https:\/\/orthopus.com\/fr\/jobs\/#breadcrumb","itemListElement":[{"@type":"ListItem","position":1,"name":"Accueil","item":"https:\/\/orthopus.com\/fr\/"},{"@type":"ListItem","position":2,"name":"Jobs"}]},{"@type":"WebSite","@id":"https:\/\/orthopus.com\/#website","url":"https:\/\/orthopus.com\/","name":"ORTHOPUS","description":"Handitech solutions for everyone","publisher":{"@id":"https:\/\/orthopus.com\/#organization"},"potentialAction":[{"@type":"SearchAction","target":{"@type":"EntryPoint","urlTemplate":"https:\/\/orthopus.com\/?s={search_term_string}"},"query-input":{"@type":"PropertyValueSpecification","valueRequired":true,"valueName":"search_term_string"}}],"inLanguage":"fr-FR"},{"@type":"Organization","@id":"https:\/\/orthopus.com\/#organization","name":"ORTHOPUS","url":"https:\/\/orthopus.com\/","logo":{"@type":"ImageObject","inLanguage":"fr-FR","@id":"https:\/\/orthopus.com\/#\/schema\/logo\/image\/","url":"https:\/\/orthopus.com\/wp-content\/uploads\/2020\/04\/Logo-ORTHOPUS-support-de-bras-personnalisable.png","contentUrl":"https:\/\/orthopus.com\/wp-content\/uploads\/2020\/04\/Logo-ORTHOPUS-support-de-bras-personnalisable.png","width":416,"height":98,"caption":"ORTHOPUS"},"image":{"@id":"https:\/\/orthopus.com\/#\/schema\/logo\/image\/"}}]}},"_links":{"self":[{"href":"https:\/\/orthopus.com\/fr\/wp-json\/wp\/v2\/pages\/4442","targetHints":{"allow":["GET"]}}],"collection":[{"href":"https:\/\/orthopus.com\/fr\/wp-json\/wp\/v2\/pages"}],"about":[{"href":"https:\/\/orthopus.com\/fr\/wp-json\/wp\/v2\/types\/page"}],"author":[{"embeddable":true,"href":"https:\/\/orthopus.com\/fr\/wp-json\/wp\/v2\/users\/9"}],"replies":[{"embeddable":true,"href":"https:\/\/orthopus.com\/fr\/wp-json\/wp\/v2\/comments?post=4442"}],"version-history":[{"count":210,"href":"https:\/\/orthopus.com\/fr\/wp-json\/wp\/v2\/pages\/4442\/revisions"}],"predecessor-version":[{"id":18735,"href":"https:\/\/orthopus.com\/fr\/wp-json\/wp\/v2\/pages\/4442\/revisions\/18735"}],"wp:attachment":[{"href":"https:\/\/orthopus.com\/fr\/wp-json\/wp\/v2\/media?parent=4442"}],"curies":[{"name":"wp","href":"https:\/\/api.w.org\/{rel}","templated":true}]}}