{"id":17675,"date":"2025-08-26T09:23:29","date_gmt":"2025-08-26T07:23:29","guid":{"rendered":"https:\/\/orthopus.com\/?page_id=17675"},"modified":"2025-08-26T12:51:57","modified_gmt":"2025-08-26T10:51:57","slug":"aides-financieres","status":"publish","type":"page","link":"https:\/\/orthopus.com\/fr\/aides-financieres\/","title":{"rendered":"Aides Financi\u00e8res"},"content":{"rendered":"\t\t<div data-elementor-type=\"wp-page\" data-elementor-id=\"17675\" class=\"elementor elementor-17675\" data-elementor-post-type=\"page\">\n\t\t\t\t\t\t<section class=\"elementor-section elementor-top-section elementor-element elementor-element-3f5528ed elementor-section-boxed elementor-section-height-default elementor-section-height-default\" data-id=\"3f5528ed\" data-element_type=\"section\" data-e-type=\"section\" data-settings=\"{&quot;jet_parallax_layout_list&quot;:[{&quot;jet_parallax_layout_image&quot;:{&quot;url&quot;:&quot;&quot;,&quot;id&quot;:&quot;&quot;,&quot;size&quot;:&quot;&quot;},&quot;_id&quot;:&quot;936c346&quot;,&quot;jet_parallax_layout_image_tablet&quot;:{&quot;url&quot;:&quot;&quot;,&quot;id&quot;:&quot;&quot;,&quot;size&quot;:&quot;&quot;},&quot;jet_parallax_layout_image_mobile&quot;:{&quot;url&quot;:&quot;&quot;,&quot;id&quot;:&quot;&quot;,&quot;size&quot;:&quot;&quot;},&quot;jet_parallax_layout_speed&quot;:{&quot;unit&quot;:&quot;%&quot;,&quot;size&quot;:50,&quot;sizes&quot;:[]},&quot;jet_parallax_layout_type&quot;:&quot;scroll&quot;,&quot;jet_parallax_layout_direction&quot;:&quot;1&quot;,&quot;jet_parallax_layout_fx_direction&quot;:null,&quot;jet_parallax_layout_z_index&quot;:&quot;&quot;,&quot;jet_parallax_layout_bg_x&quot;:50,&quot;jet_parallax_layout_bg_x_tablet&quot;:&quot;&quot;,&quot;jet_parallax_layout_bg_x_mobile&quot;:&quot;&quot;,&quot;jet_parallax_layout_bg_y&quot;:50,&quot;jet_parallax_layout_bg_y_tablet&quot;:&quot;&quot;,&quot;jet_parallax_layout_bg_y_mobile&quot;:&quot;&quot;,&quot;jet_parallax_layout_bg_size&quot;:&quot;auto&quot;,&quot;jet_parallax_layout_bg_size_tablet&quot;:&quot;&quot;,&quot;jet_parallax_layout_bg_size_mobile&quot;:&quot;&quot;,&quot;jet_parallax_layout_animation_prop&quot;:&quot;transform&quot;,&quot;jet_parallax_layout_on&quot;:[&quot;desktop&quot;,&quot;tablet&quot;]}]}\">\n\t\t\t\t\t\t<div class=\"elementor-container elementor-column-gap-default\">\n\t\t\t\t\t<div class=\"elementor-column elementor-col-100 elementor-top-column elementor-element elementor-element-59512e4c\" data-id=\"59512e4c\" data-element_type=\"column\" data-e-type=\"column\">\n\t\t\t<div class=\"elementor-widget-wrap elementor-element-populated\">\n\t\t\t\t\t\t<div class=\"elementor-element elementor-element-2de08789 elementor-widget elementor-widget-jet-animated-text\" data-id=\"2de08789\" data-element_type=\"widget\" data-e-type=\"widget\" data-widget_type=\"jet-animated-text.default\">\n\t\t\t\t<div class=\"elementor-widget-container\">\n\t\t\t\t\t<div class=\"elementor-jet-animated-text jet-elements\">\n<h1 class=\"jet-animated-text jet-animated-text--effect-fx2\" data-settings='{&quot;effect&quot;:&quot;fx2&quot;,&quot;delay&quot;:200000}'>\n\t\t<div class=\"jet-animated-text__animated-text\">\n<div class=\"jet-animated-text__animated-text-item active visible\" dir=\"ltr\">\n\t<span>Aides<\/span>&nbsp;<\/div>\n<\/div>\t<div class=\"jet-animated-text__after-text\">\n\t<span>Financi\u00e8res<\/span>&nbsp;<span>Handicap<\/span><\/div><\/h1><\/div>\t\t\t\t<\/div>\n\t\t\t\t<\/div>\n\t\t\t\t\t<\/div>\n\t\t<\/div>\n\t\t\t\t\t<\/div>\n\t\t<\/section>\n\t\t\t\t<section class=\"elementor-section elementor-top-section elementor-element elementor-element-1d3e9ed0 elementor-section-boxed elementor-section-height-default elementor-section-height-default\" data-id=\"1d3e9ed0\" data-element_type=\"section\" data-e-type=\"section\" data-settings=\"{&quot;jet_parallax_layout_list&quot;:[]}\">\n\t\t\t\t\t\t<div class=\"elementor-container elementor-column-gap-default\">\n\t\t\t\t\t<div class=\"elementor-column elementor-col-100 elementor-top-column elementor-element elementor-element-6e93fdbd\" data-id=\"6e93fdbd\" data-element_type=\"column\" data-e-type=\"column\">\n\t\t\t<div class=\"elementor-widget-wrap elementor-element-populated\">\n\t\t\t\t\t\t<div class=\"elementor-element elementor-element-197fd884 elementor-widget elementor-widget-text-editor\" data-id=\"197fd884\" data-element_type=\"widget\" data-e-type=\"widget\" data-widget_type=\"text-editor.default\">\n\t\t\t\t<div class=\"elementor-widget-container\">\n\t\t\t\t\t\t\t\t\t<p data-start=\"656\" data-end=\"1169\">En France, le march\u00e9 de l\u2019assistance aux personnes handicap\u00e9es repose sur un large \u00e9ventail d\u2019aides financi\u00e8res con\u00e7ues pour r\u00e9pondre aux besoins du quotidien, favoriser l\u2019autonomie et soutenir l\u2019inclusion sociale. Ces aides, qu\u2019elles soient publiques ou priv\u00e9es, repr\u00e9sentent un pilier essentiel pour les b\u00e9n\u00e9ficiaires et leurs familles. Elles permettent de compenser les surco\u00fbts li\u00e9s au handicap, qu\u2019il s\u2019agisse d\u2019adapter un logement, de financer des soins, ou encore d\u2019acc\u00e9der \u00e0 des \u00e9quipements sp\u00e9cialis\u00e9s.<\/p><p data-start=\"1171\" data-end=\"1651\">\u00a0<\/p><p data-start=\"1171\" data-end=\"1651\">Naviguer dans ce syst\u00e8me peut sembler complexe, tant les dispositifs sont nombreux et \u00e9voluent r\u00e9guli\u00e8rement au gr\u00e9 des r\u00e9formes l\u00e9gislatives. Pourtant, bien comprendre leurs objectifs et leur fonctionnement est indispensable pour tirer pleinement parti des soutiens disponibles. Ce guide vise \u00e0 \u00e9clairer les b\u00e9n\u00e9ficiaires, les aidants et les professionnels, en mettant en lumi\u00e8re les diff\u00e9rentes solutions existantes, les d\u00e9marches \u00e0 suivre et les \u00e9volutions pr\u00e9vues pour 2025.<\/p>\t\t\t\t\t\t\t\t<\/div>\n\t\t\t\t<\/div>\n\t\t\t\t<div class=\"elementor-element elementor-element-786aef13 elementor-widget elementor-widget-spacer\" data-id=\"786aef13\" data-element_type=\"widget\" data-e-type=\"widget\" data-widget_type=\"spacer.default\">\n\t\t\t\t<div class=\"elementor-widget-container\">\n\t\t\t\t\t\t\t<div class=\"elementor-spacer\">\n\t\t\t<div class=\"elementor-spacer-inner\"><\/div>\n\t\t<\/div>\n\t\t\t\t\t\t<\/div>\n\t\t\t\t<\/div>\n\t\t\t\t\t<\/div>\n\t\t<\/div>\n\t\t\t\t\t<\/div>\n\t\t<\/section>\n\t\t\t\t<section class=\"elementor-section elementor-top-section elementor-element elementor-element-1efb2240 elementor-section-boxed elementor-section-height-default elementor-section-height-default\" data-id=\"1efb2240\" data-element_type=\"section\" data-e-type=\"section\" data-settings=\"{&quot;jet_parallax_layout_list&quot;:[]}\">\n\t\t\t\t\t\t<div class=\"elementor-container elementor-column-gap-default\">\n\t\t\t\t\t<div class=\"elementor-column elementor-col-100 elementor-top-column elementor-element elementor-element-57701ea\" data-id=\"57701ea\" data-element_type=\"column\" data-e-type=\"column\">\n\t\t\t<div class=\"elementor-widget-wrap elementor-element-populated\">\n\t\t\t\t\t\t<div class=\"elementor-element elementor-element-51081888 elementor-widget elementor-widget-heading\" data-id=\"51081888\" data-element_type=\"widget\" data-e-type=\"widget\" data-widget_type=\"heading.default\">\n\t\t\t\t<div class=\"elementor-widget-container\">\n\t\t\t\t\t<h2 class=\"elementor-heading-title elementor-size-default\">Comprendre vos droits<\/h2>\t\t\t\t<\/div>\n\t\t\t\t<\/div>\n\t\t\t\t<section class=\"elementor-section elementor-inner-section elementor-element elementor-element-3fd9c656 elementor-section-boxed elementor-section-height-default elementor-section-height-default\" data-id=\"3fd9c656\" data-element_type=\"section\" data-e-type=\"section\" data-settings=\"{&quot;jet_parallax_layout_list&quot;:[]}\">\n\t\t\t\t\t\t<div class=\"elementor-container elementor-column-gap-wide\">\n\t\t\t\t\t<div class=\"elementor-column elementor-col-50 elementor-inner-column elementor-element elementor-element-13431ec4\" data-id=\"13431ec4\" data-element_type=\"column\" data-e-type=\"column\">\n\t\t\t<div class=\"elementor-widget-wrap elementor-element-populated\">\n\t\t\t\t\t\t<div class=\"elementor-element elementor-element-3d36cdd3 elementor-widget elementor-widget-image\" data-id=\"3d36cdd3\" data-element_type=\"widget\" data-e-type=\"widget\" data-widget_type=\"image.default\">\n\t\t\t\t<div class=\"elementor-widget-container\">\n\t\t\t\t\t\t\t\t\t\t\t\t\t\t\t<img fetchpriority=\"high\" decoding=\"async\" width=\"1000\" height=\"625\" src=\"https:\/\/orthopus.com\/wp-content\/uploads\/2025\/08\/IMG-250711-Picsou.webp\" class=\"attachment-large size-large wp-image-17454\" alt=\"\" srcset=\"https:\/\/orthopus.com\/wp-content\/uploads\/2025\/08\/IMG-250711-Picsou.webp 1000w, https:\/\/orthopus.com\/wp-content\/uploads\/2025\/08\/IMG-250711-Picsou-300x188.webp 300w, https:\/\/orthopus.com\/wp-content\/uploads\/2025\/08\/IMG-250711-Picsou-768x480.webp 768w, https:\/\/orthopus.com\/wp-content\/uploads\/2025\/08\/IMG-250711-Picsou-600x375.webp 600w, https:\/\/orthopus.com\/wp-content\/uploads\/2025\/08\/IMG-250711-Picsou-200x125.webp 200w\" sizes=\"(max-width: 1000px) 100vw, 1000px\" \/>\t\t\t\t\t\t\t\t\t\t\t\t\t\t\t<\/div>\n\t\t\t\t<\/div>\n\t\t\t\t<div class=\"elementor-element elementor-element-100af403 elementor-widget elementor-widget-text-editor\" data-id=\"100af403\" data-element_type=\"widget\" data-e-type=\"widget\" data-widget_type=\"text-editor.default\">\n\t\t\t\t<div class=\"elementor-widget-container\">\n\t\t\t\t\t\t\t\t\t<p><strong>Handicap et aides financi\u00e8res en 2025 : Guide complet pour accompagner l&#8217;autonomie<\/strong><\/p>\t\t\t\t\t\t\t\t<\/div>\n\t\t\t\t<\/div>\n\t\t\t\t<div class=\"elementor-element elementor-element-72c42e44 elementor-align-left elementor-widget elementor-widget-button\" data-id=\"72c42e44\" data-element_type=\"widget\" data-e-type=\"widget\" data-widget_type=\"button.default\">\n\t\t\t\t<div class=\"elementor-widget-container\">\n\t\t\t\t\t\t\t\t\t<div class=\"elementor-button-wrapper\">\n\t\t\t\t\t<a class=\"elementor-button elementor-button-link elementor-size-sm\" href=\"https:\/\/orthopus.com\/fr\/guide-aide-technique-pour-la-mobilite-du-bras-en-europe\/\" target=\"_blank\">\n\t\t\t\t\t\t<span class=\"elementor-button-content-wrapper\">\n\t\t\t\t\t\t<span class=\"elementor-button-icon\">\n\t\t\t\t<i aria-hidden=\"true\" class=\"fas fa-arrow-circle-right\"><\/i>\t\t\t<\/span>\n\t\t\t\t\t\t\t\t\t<span class=\"elementor-button-text\">Handicap et aides financi\u00e8res<\/span>\n\t\t\t\t\t<\/span>\n\t\t\t\t\t<\/a>\n\t\t\t\t<\/div>\n\t\t\t\t\t\t\t\t<\/div>\n\t\t\t\t<\/div>\n\t\t\t\t\t<\/div>\n\t\t<\/div>\n\t\t\t\t<div class=\"elementor-column elementor-col-50 elementor-inner-column elementor-element elementor-element-76ed2f2\" data-id=\"76ed2f2\" data-element_type=\"column\" data-e-type=\"column\">\n\t\t\t<div class=\"elementor-widget-wrap elementor-element-populated\">\n\t\t\t\t\t\t<div class=\"elementor-element elementor-element-3e6693b elementor-widget elementor-widget-image\" data-id=\"3e6693b\" data-element_type=\"widget\" data-e-type=\"widget\" data-widget_type=\"image.default\">\n\t\t\t\t<div class=\"elementor-widget-container\">\n\t\t\t\t\t\t\t\t\t\t\t\t\t\t\t<img decoding=\"async\" width=\"800\" height=\"450\" src=\"https:\/\/orthopus.com\/wp-content\/uploads\/2025\/07\/avatar.jpg\" class=\"attachment-large size-large wp-image-17063\" alt=\"Image extraite d&#039;Avatar avec Jake Sully en fauteuil roulant\" srcset=\"https:\/\/orthopus.com\/wp-content\/uploads\/2025\/07\/avatar.jpg 800w, https:\/\/orthopus.com\/wp-content\/uploads\/2025\/07\/avatar-300x169.jpg 300w, https:\/\/orthopus.com\/wp-content\/uploads\/2025\/07\/avatar-768x432.jpg 768w, https:\/\/orthopus.com\/wp-content\/uploads\/2025\/07\/avatar-150x85.jpg 150w, https:\/\/orthopus.com\/wp-content\/uploads\/2025\/07\/avatar-600x338.jpg 600w, https:\/\/orthopus.com\/wp-content\/uploads\/2025\/07\/avatar-200x113.jpg 200w\" sizes=\"(max-width: 800px) 100vw, 800px\" \/>\t\t\t\t\t\t\t\t\t\t\t\t\t\t\t<\/div>\n\t\t\t\t<\/div>\n\t\t\t\t<div class=\"elementor-element elementor-element-136fefa0 elementor-widget elementor-widget-text-editor\" data-id=\"136fefa0\" data-element_type=\"widget\" data-e-type=\"widget\" data-widget_type=\"text-editor.default\">\n\t\t\t\t<div class=\"elementor-widget-container\">\n\t\t\t\t\t\t\t\t\t<p><strong>Tout savoir sur les aides pour fauteuil roulant : financement, d\u00e9marches et r\u00e9forme 2025<\/strong><\/p>\t\t\t\t\t\t\t\t<\/div>\n\t\t\t\t<\/div>\n\t\t\t\t<div class=\"elementor-element elementor-element-6d5b0123 elementor-align-left elementor-widget elementor-widget-button\" data-id=\"6d5b0123\" data-element_type=\"widget\" data-e-type=\"widget\" data-widget_type=\"button.default\">\n\t\t\t\t<div class=\"elementor-widget-container\">\n\t\t\t\t\t\t\t\t\t<div class=\"elementor-button-wrapper\">\n\t\t\t\t\t<a class=\"elementor-button elementor-button-link elementor-size-sm\" href=\"https:\/\/orthopus.com\/fr\/liste-aides-techniques-pour-la-mobilite-du-bras\/\" target=\"_blank\">\n\t\t\t\t\t\t<span class=\"elementor-button-content-wrapper\">\n\t\t\t\t\t\t<span class=\"elementor-button-icon\">\n\t\t\t\t<i aria-hidden=\"true\" class=\"fas fa-arrow-circle-right\"><\/i>\t\t\t<\/span>\n\t\t\t\t\t\t\t\t\t<span class=\"elementor-button-text\">Aides financi\u00e8res fauteuil roulant<\/span>\n\t\t\t\t\t<\/span>\n\t\t\t\t\t<\/a>\n\t\t\t\t<\/div>\n\t\t\t\t\t\t\t\t<\/div>\n\t\t\t\t<\/div>\n\t\t\t\t\t<\/div>\n\t\t<\/div>\n\t\t\t\t\t<\/div>\n\t\t<\/section>\n\t\t\t\t\t<\/div>\n\t\t<\/div>\n\t\t\t\t\t<\/div>\n\t\t<\/section>\n\t\t\t\t<section class=\"elementor-section elementor-top-section elementor-element elementor-element-458bbde7 elementor-section-boxed elementor-section-height-default elementor-section-height-default\" data-id=\"458bbde7\" data-element_type=\"section\" data-e-type=\"section\" data-settings=\"{&quot;jet_parallax_layout_list&quot;:[]}\">\n\t\t\t\t\t\t<div class=\"elementor-container elementor-column-gap-default\">\n\t\t\t\t\t<div class=\"elementor-column elementor-col-100 elementor-top-column elementor-element elementor-element-1d0c9d70\" data-id=\"1d0c9d70\" data-element_type=\"column\" data-e-type=\"column\">\n\t\t\t<div class=\"elementor-widget-wrap\">\n\t\t\t\t\t\t\t<\/div>\n\t\t<\/div>\n\t\t\t\t\t<\/div>\n\t\t<\/section>\n\t\t\t\t<\/div>\n\t\t","protected":false},"excerpt":{"rendered":"<p>Aides&nbsp; Financi\u00e8res&nbsp;Handicap En France, le march\u00e9 de l\u2019assistance aux personnes handicap\u00e9es repose sur un large \u00e9ventail d\u2019aides financi\u00e8res con\u00e7ues pour r\u00e9pondre aux besoins du quotidien, favoriser l\u2019autonomie et soutenir l\u2019inclusion sociale. Ces aides, qu\u2019elles soient publiques ou priv\u00e9es, repr\u00e9sentent un pilier essentiel pour les b\u00e9n\u00e9ficiaires et leurs familles. Elles permettent de compenser les surco\u00fbts li\u00e9s [&hellip;]<\/p>\n","protected":false},"author":20,"featured_media":0,"parent":0,"menu_order":0,"comment_status":"closed","ping_status":"closed","template":"elementor_header_footer","meta":{"_jet_sm_ready_style":"","_jet_sm_style":"","_jet_sm_controls_values":"","_jet_sm_fonts_collection":"","_jet_sm_fonts_links":"","footnotes":""},"class_list":["post-17675","page","type-page","status-publish","hentry"],"yoast_head":"<!-- This site is optimized with the Yoast SEO plugin v27.4 - https:\/\/yoast.com\/product\/yoast-seo-wordpress\/ -->\n<title>Aides Financi\u00e8res - ORTHOPUS<\/title>\n<meta name=\"robots\" content=\"index, follow, max-snippet:-1, max-image-preview:large, max-video-preview:-1\" \/>\n<link rel=\"canonical\" href=\"https:\/\/orthopus.com\/fr\/aides-financieres\/\" \/>\n<meta property=\"og:locale\" content=\"fr_FR\" \/>\n<meta property=\"og:type\" content=\"article\" \/>\n<meta property=\"og:title\" content=\"Aides Financi\u00e8res - ORTHOPUS\" \/>\n<meta property=\"og:description\" content=\"Aides&nbsp; Financi\u00e8res&nbsp;Handicap En France, le march\u00e9 de l\u2019assistance aux personnes handicap\u00e9es repose sur un large \u00e9ventail d\u2019aides financi\u00e8res con\u00e7ues pour r\u00e9pondre aux besoins du quotidien, favoriser l\u2019autonomie et soutenir l\u2019inclusion sociale. Ces aides, qu\u2019elles soient publiques ou priv\u00e9es, repr\u00e9sentent un pilier essentiel pour les b\u00e9n\u00e9ficiaires et leurs familles. Elles permettent de compenser les surco\u00fbts li\u00e9s [&hellip;]\" \/>\n<meta property=\"og:url\" content=\"https:\/\/orthopus.com\/fr\/aides-financieres\/\" \/>\n<meta property=\"og:site_name\" content=\"ORTHOPUS\" \/>\n<meta property=\"article:modified_time\" content=\"2025-08-26T10:51:57+00:00\" \/>\n<meta property=\"og:image\" content=\"https:\/\/orthopus.com\/wp-content\/uploads\/2025\/08\/IMG-250711-Picsou.webp\" \/>\n\t<meta property=\"og:image:width\" content=\"1000\" \/>\n\t<meta property=\"og:image:height\" content=\"625\" \/>\n\t<meta property=\"og:image:type\" content=\"image\/webp\" \/>\n<meta name=\"twitter:card\" content=\"summary_large_image\" \/>\n<meta name=\"twitter:label1\" content=\"Dur\u00e9e de lecture estim\u00e9e\" \/>\n\t<meta name=\"twitter:data1\" content=\"2 minutes\" \/>\n<script type=\"application\/ld+json\" class=\"yoast-schema-graph\">{\"@context\":\"https:\\\/\\\/schema.org\",\"@graph\":[{\"@type\":\"WebPage\",\"@id\":\"https:\\\/\\\/orthopus.com\\\/fr\\\/aides-financieres\\\/\",\"url\":\"https:\\\/\\\/orthopus.com\\\/fr\\\/aides-financieres\\\/\",\"name\":\"Aides Financi\u00e8res - ORTHOPUS\",\"isPartOf\":{\"@id\":\"https:\\\/\\\/orthopus.com\\\/#website\"},\"primaryImageOfPage\":{\"@id\":\"https:\\\/\\\/orthopus.com\\\/fr\\\/aides-financieres\\\/#primaryimage\"},\"image\":{\"@id\":\"https:\\\/\\\/orthopus.com\\\/fr\\\/aides-financieres\\\/#primaryimage\"},\"thumbnailUrl\":\"https:\\\/\\\/orthopus.com\\\/wp-content\\\/uploads\\\/2025\\\/08\\\/IMG-250711-Picsou.webp\",\"datePublished\":\"2025-08-26T07:23:29+00:00\",\"dateModified\":\"2025-08-26T10:51:57+00:00\",\"breadcrumb\":{\"@id\":\"https:\\\/\\\/orthopus.com\\\/fr\\\/aides-financieres\\\/#breadcrumb\"},\"inLanguage\":\"fr-FR\",\"potentialAction\":[{\"@type\":\"ReadAction\",\"target\":[\"https:\\\/\\\/orthopus.com\\\/fr\\\/aides-financieres\\\/\"]}]},{\"@type\":\"ImageObject\",\"inLanguage\":\"fr-FR\",\"@id\":\"https:\\\/\\\/orthopus.com\\\/fr\\\/aides-financieres\\\/#primaryimage\",\"url\":\"https:\\\/\\\/orthopus.com\\\/wp-content\\\/uploads\\\/2025\\\/08\\\/IMG-250711-Picsou.webp\",\"contentUrl\":\"https:\\\/\\\/orthopus.com\\\/wp-content\\\/uploads\\\/2025\\\/08\\\/IMG-250711-Picsou.webp\"},{\"@type\":\"BreadcrumbList\",\"@id\":\"https:\\\/\\\/orthopus.com\\\/fr\\\/aides-financieres\\\/#breadcrumb\",\"itemListElement\":[{\"@type\":\"ListItem\",\"position\":1,\"name\":\"Accueil\",\"item\":\"https:\\\/\\\/orthopus.com\\\/fr\\\/\"},{\"@type\":\"ListItem\",\"position\":2,\"name\":\"Aides Financi\u00e8res\"}]},{\"@type\":\"WebSite\",\"@id\":\"https:\\\/\\\/orthopus.com\\\/#website\",\"url\":\"https:\\\/\\\/orthopus.com\\\/\",\"name\":\"ORTHOPUS\",\"description\":\"Handitech solutions for everyone\",\"publisher\":{\"@id\":\"https:\\\/\\\/orthopus.com\\\/#organization\"},\"potentialAction\":[{\"@type\":\"SearchAction\",\"target\":{\"@type\":\"EntryPoint\",\"urlTemplate\":\"https:\\\/\\\/orthopus.com\\\/?s={search_term_string}\"},\"query-input\":{\"@type\":\"PropertyValueSpecification\",\"valueRequired\":true,\"valueName\":\"search_term_string\"}}],\"inLanguage\":\"fr-FR\"},{\"@type\":\"Organization\",\"@id\":\"https:\\\/\\\/orthopus.com\\\/#organization\",\"name\":\"ORTHOPUS\",\"url\":\"https:\\\/\\\/orthopus.com\\\/\",\"logo\":{\"@type\":\"ImageObject\",\"inLanguage\":\"fr-FR\",\"@id\":\"https:\\\/\\\/orthopus.com\\\/#\\\/schema\\\/logo\\\/image\\\/\",\"url\":\"https:\\\/\\\/orthopus.com\\\/wp-content\\\/uploads\\\/2020\\\/04\\\/Logo-ORTHOPUS-support-de-bras-personnalisable.png\",\"contentUrl\":\"https:\\\/\\\/orthopus.com\\\/wp-content\\\/uploads\\\/2020\\\/04\\\/Logo-ORTHOPUS-support-de-bras-personnalisable.png\",\"width\":416,\"height\":98,\"caption\":\"ORTHOPUS\"},\"image\":{\"@id\":\"https:\\\/\\\/orthopus.com\\\/#\\\/schema\\\/logo\\\/image\\\/\"}}]}<\/script>\n<!-- \/ Yoast SEO plugin. -->","yoast_head_json":{"title":"Aides Financi\u00e8res - ORTHOPUS","robots":{"index":"index","follow":"follow","max-snippet":"max-snippet:-1","max-image-preview":"max-image-preview:large","max-video-preview":"max-video-preview:-1"},"canonical":"https:\/\/orthopus.com\/fr\/aides-financieres\/","og_locale":"fr_FR","og_type":"article","og_title":"Aides Financi\u00e8res - ORTHOPUS","og_description":"Aides&nbsp; Financi\u00e8res&nbsp;Handicap En France, le march\u00e9 de l\u2019assistance aux personnes handicap\u00e9es repose sur un large \u00e9ventail d\u2019aides financi\u00e8res con\u00e7ues pour r\u00e9pondre aux besoins du quotidien, favoriser l\u2019autonomie et soutenir l\u2019inclusion sociale. Ces aides, qu\u2019elles soient publiques ou priv\u00e9es, repr\u00e9sentent un pilier essentiel pour les b\u00e9n\u00e9ficiaires et leurs familles. Elles permettent de compenser les surco\u00fbts li\u00e9s [&hellip;]","og_url":"https:\/\/orthopus.com\/fr\/aides-financieres\/","og_site_name":"ORTHOPUS","article_modified_time":"2025-08-26T10:51:57+00:00","og_image":[{"width":1000,"height":625,"url":"https:\/\/orthopus.com\/wp-content\/uploads\/2025\/08\/IMG-250711-Picsou.webp","type":"image\/webp"}],"twitter_card":"summary_large_image","twitter_misc":{"Dur\u00e9e de lecture estim\u00e9e":"2 minutes"},"schema":{"@context":"https:\/\/schema.org","@graph":[{"@type":"WebPage","@id":"https:\/\/orthopus.com\/fr\/aides-financieres\/","url":"https:\/\/orthopus.com\/fr\/aides-financieres\/","name":"Aides Financi\u00e8res - ORTHOPUS","isPartOf":{"@id":"https:\/\/orthopus.com\/#website"},"primaryImageOfPage":{"@id":"https:\/\/orthopus.com\/fr\/aides-financieres\/#primaryimage"},"image":{"@id":"https:\/\/orthopus.com\/fr\/aides-financieres\/#primaryimage"},"thumbnailUrl":"https:\/\/orthopus.com\/wp-content\/uploads\/2025\/08\/IMG-250711-Picsou.webp","datePublished":"2025-08-26T07:23:29+00:00","dateModified":"2025-08-26T10:51:57+00:00","breadcrumb":{"@id":"https:\/\/orthopus.com\/fr\/aides-financieres\/#breadcrumb"},"inLanguage":"fr-FR","potentialAction":[{"@type":"ReadAction","target":["https:\/\/orthopus.com\/fr\/aides-financieres\/"]}]},{"@type":"ImageObject","inLanguage":"fr-FR","@id":"https:\/\/orthopus.com\/fr\/aides-financieres\/#primaryimage","url":"https:\/\/orthopus.com\/wp-content\/uploads\/2025\/08\/IMG-250711-Picsou.webp","contentUrl":"https:\/\/orthopus.com\/wp-content\/uploads\/2025\/08\/IMG-250711-Picsou.webp"},{"@type":"BreadcrumbList","@id":"https:\/\/orthopus.com\/fr\/aides-financieres\/#breadcrumb","itemListElement":[{"@type":"ListItem","position":1,"name":"Accueil","item":"https:\/\/orthopus.com\/fr\/"},{"@type":"ListItem","position":2,"name":"Aides Financi\u00e8res"}]},{"@type":"WebSite","@id":"https:\/\/orthopus.com\/#website","url":"https:\/\/orthopus.com\/","name":"ORTHOPUS","description":"Handitech solutions for everyone","publisher":{"@id":"https:\/\/orthopus.com\/#organization"},"potentialAction":[{"@type":"SearchAction","target":{"@type":"EntryPoint","urlTemplate":"https:\/\/orthopus.com\/?s={search_term_string}"},"query-input":{"@type":"PropertyValueSpecification","valueRequired":true,"valueName":"search_term_string"}}],"inLanguage":"fr-FR"},{"@type":"Organization","@id":"https:\/\/orthopus.com\/#organization","name":"ORTHOPUS","url":"https:\/\/orthopus.com\/","logo":{"@type":"ImageObject","inLanguage":"fr-FR","@id":"https:\/\/orthopus.com\/#\/schema\/logo\/image\/","url":"https:\/\/orthopus.com\/wp-content\/uploads\/2020\/04\/Logo-ORTHOPUS-support-de-bras-personnalisable.png","contentUrl":"https:\/\/orthopus.com\/wp-content\/uploads\/2020\/04\/Logo-ORTHOPUS-support-de-bras-personnalisable.png","width":416,"height":98,"caption":"ORTHOPUS"},"image":{"@id":"https:\/\/orthopus.com\/#\/schema\/logo\/image\/"}}]}},"_links":{"self":[{"href":"https:\/\/orthopus.com\/fr\/wp-json\/wp\/v2\/pages\/17675","targetHints":{"allow":["GET"]}}],"collection":[{"href":"https:\/\/orthopus.com\/fr\/wp-json\/wp\/v2\/pages"}],"about":[{"href":"https:\/\/orthopus.com\/fr\/wp-json\/wp\/v2\/types\/page"}],"author":[{"embeddable":true,"href":"https:\/\/orthopus.com\/fr\/wp-json\/wp\/v2\/users\/20"}],"replies":[{"embeddable":true,"href":"https:\/\/orthopus.com\/fr\/wp-json\/wp\/v2\/comments?post=17675"}],"version-history":[{"count":12,"href":"https:\/\/orthopus.com\/fr\/wp-json\/wp\/v2\/pages\/17675\/revisions"}],"predecessor-version":[{"id":17707,"href":"https:\/\/orthopus.com\/fr\/wp-json\/wp\/v2\/pages\/17675\/revisions\/17707"}],"wp:attachment":[{"href":"https:\/\/orthopus.com\/fr\/wp-json\/wp\/v2\/media?parent=17675"}],"curies":[{"name":"wp","href":"https:\/\/api.w.org\/{rel}","templated":true}]}}