{"id":10783,"date":"2024-06-11T16:23:20","date_gmt":"2024-06-11T14:23:20","guid":{"rendered":"https:\/\/orthopus.com\/?page_id=10783"},"modified":"2025-12-03T11:14:29","modified_gmt":"2025-12-03T10:14:29","slug":"compensation-du-membre-superieur-consultations-dediees","status":"publish","type":"page","link":"https:\/\/orthopus.com\/fr\/compensation-du-membre-superieur-consultations-dediees\/","title":{"rendered":"Compensation du membre sup\u00e9rieur &#8211; Consultations d\u00e9di\u00e9es"},"content":{"rendered":"\t\t<div data-elementor-type=\"wp-page\" data-elementor-id=\"10783\" class=\"elementor elementor-10783\" data-elementor-post-type=\"page\">\n\t\t\t\t\t\t<section class=\"elementor-section elementor-top-section elementor-element elementor-element-97d0cdc elementor-section-boxed elementor-section-height-default elementor-section-height-default elementor-invisible\" data-id=\"97d0cdc\" data-element_type=\"section\" data-e-type=\"section\" data-settings=\"{&quot;jet_parallax_layout_list&quot;:[],&quot;animation&quot;:&quot;fadeIn&quot;}\">\n\t\t\t\t\t\t<div class=\"elementor-container elementor-column-gap-default\">\n\t\t\t\t\t<div class=\"elementor-column elementor-col-100 elementor-top-column elementor-element elementor-element-5ac9c40\" data-id=\"5ac9c40\" data-element_type=\"column\" data-e-type=\"column\">\n\t\t\t<div class=\"elementor-widget-wrap elementor-element-populated\">\n\t\t\t\t\t\t<div class=\"elementor-element elementor-element-9d8796a elementor-widget elementor-widget-spacer\" data-id=\"9d8796a\" data-element_type=\"widget\" data-e-type=\"widget\" data-widget_type=\"spacer.default\">\n\t\t\t\t<div class=\"elementor-widget-container\">\n\t\t\t\t\t\t\t<div class=\"elementor-spacer\">\n\t\t\t<div class=\"elementor-spacer-inner\"><\/div>\n\t\t<\/div>\n\t\t\t\t\t\t<\/div>\n\t\t\t\t<\/div>\n\t\t\t\t<div class=\"elementor-element elementor-element-0eaff19 elementor-widget elementor-widget-heading\" data-id=\"0eaff19\" data-element_type=\"widget\" data-e-type=\"widget\" data-widget_type=\"heading.default\">\n\t\t\t\t<div class=\"elementor-widget-container\">\n\t\t\t\t\t<h1 class=\"elementor-heading-title elementor-size-default\">COMPENSATION DU MEMBRE SUP\u00c9RIEUR<\/h1>\t\t\t\t<\/div>\n\t\t\t\t<\/div>\n\t\t\t\t<div class=\"elementor-element elementor-element-d60bc08 elementor-widget elementor-widget-heading\" data-id=\"d60bc08\" data-element_type=\"widget\" data-e-type=\"widget\" data-widget_type=\"heading.default\">\n\t\t\t\t<div class=\"elementor-widget-container\">\n\t\t\t\t\t<h1 class=\"elementor-heading-title elementor-size-default\">CONSULTATIONS D\u00c9DI\u00c9ES<\/h1>\t\t\t\t<\/div>\n\t\t\t\t<\/div>\n\t\t\t\t<div class=\"elementor-element elementor-element-e7ae947 elementor-widget elementor-widget-spacer\" data-id=\"e7ae947\" data-element_type=\"widget\" data-e-type=\"widget\" data-widget_type=\"spacer.default\">\n\t\t\t\t<div class=\"elementor-widget-container\">\n\t\t\t\t\t\t\t<div class=\"elementor-spacer\">\n\t\t\t<div class=\"elementor-spacer-inner\"><\/div>\n\t\t<\/div>\n\t\t\t\t\t\t<\/div>\n\t\t\t\t<\/div>\n\t\t\t\t\t<\/div>\n\t\t<\/div>\n\t\t\t\t\t<\/div>\n\t\t<\/section>\n\t\t\t\t<section class=\"elementor-section elementor-top-section elementor-element elementor-element-b47692e elementor-section-boxed elementor-section-height-default elementor-section-height-default\" data-id=\"b47692e\" data-element_type=\"section\" data-e-type=\"section\" data-settings=\"{&quot;jet_parallax_layout_list&quot;:[]}\">\n\t\t\t\t\t\t<div class=\"elementor-container elementor-column-gap-default\">\n\t\t\t\t\t<div class=\"elementor-column elementor-col-100 elementor-top-column elementor-element elementor-element-8b388d4\" data-id=\"8b388d4\" data-element_type=\"column\" data-e-type=\"column\">\n\t\t\t<div class=\"elementor-widget-wrap elementor-element-populated\">\n\t\t\t\t\t\t<div class=\"elementor-element elementor-element-ed40bf4 elementor-widget elementor-widget-text-editor\" data-id=\"ed40bf4\" data-element_type=\"widget\" data-e-type=\"widget\" data-widget_type=\"text-editor.default\">\n\t\t\t\t<div class=\"elementor-widget-container\">\n\t\t\t\t\t\t\t\t\t<p>Plusieurs \u00e9tablissements de sant\u00e9 ont mis en place des <strong>Consultations d\u00e9di\u00e9es \u00e0 la compensation des membres sup\u00e9rieurs<\/strong> (dont plusieurs avec le soutien de <a href=\"https:\/\/www.afm-telethon.fr\/sites\/default\/files\/legacy\/vlm_198_consultation-membre-superieur-enfant-clermont-ferrand.pdf\" target=\"_blank\" rel=\"noopener\">l\u2019AFM T\u00e9l\u00e9thon<\/a>). Ces services proposent des consultations pluridisciplinaires et disposent d\u2019un parc d\u2019aides techniques d\u00e9di\u00e9es \u00e0 la mobilit\u00e9 des bras..<\/p><p>Les avantages de ce dispositif :<br \/><br \/>\ud83d\udc49 l\u2019accompagnement complet, de l\u2019identification du besoin au suivi de l\u2019usage du dispositif apr\u00e8s \u00e9quipement<\/p><p>\ud83d\udc49 le contact avec une \u00e9quipe m\u00e9dicale (m\u00e9decin MPR et ergoth\u00e9rapeute) form\u00e9e \u00e0 la compensation du membre sup\u00e9rieur<\/p><p>\ud83d\udc49 pouvoir essayer plusieurs dispositifs de compensation au m\u00eame endroit<\/p><p>\ud83d\udc49 dans le cas des consultations g\u00e9r\u00e9es par l\u2019AFM : un pr\u00eat du dispositif prescrit en attendant la validation du dossier de financement<\/p>\t\t\t\t\t\t\t\t<\/div>\n\t\t\t\t<\/div>\n\t\t\t\t<section class=\"elementor-section elementor-inner-section elementor-element elementor-element-074c6a3 elementor-section-full_width elementor-section-height-default elementor-section-height-default\" data-id=\"074c6a3\" data-element_type=\"section\" data-e-type=\"section\" data-settings=\"{&quot;jet_parallax_layout_list&quot;:[]}\">\n\t\t\t\t\t\t<div class=\"elementor-container elementor-column-gap-default\">\n\t\t\t\t\t<div class=\"elementor-column elementor-col-100 elementor-inner-column elementor-element elementor-element-6a11f50\" data-id=\"6a11f50\" data-element_type=\"column\" data-e-type=\"column\">\n\t\t\t<div class=\"elementor-widget-wrap elementor-element-populated\">\n\t\t\t\t\t\t<div class=\"elementor-element elementor-element-ff0e496 elementor-widget elementor-widget-image\" data-id=\"ff0e496\" data-element_type=\"widget\" data-e-type=\"widget\" data-widget_type=\"image.default\">\n\t\t\t\t<div class=\"elementor-widget-container\">\n\t\t\t\t\t\t\t\t\t\t\t\t\t\t\t<img fetchpriority=\"high\" decoding=\"async\" width=\"2560\" height=\"1450\" src=\"https:\/\/orthopus.com\/wp-content\/uploads\/2025\/12\/consultATMS_infos-1.webp\" class=\"attachment-full size-full wp-image-18568\" alt=\"\" srcset=\"https:\/\/orthopus.com\/wp-content\/uploads\/2025\/12\/consultATMS_infos-1.webp 2560w, https:\/\/orthopus.com\/wp-content\/uploads\/2025\/12\/consultATMS_infos-1-300x170.webp 300w, https:\/\/orthopus.com\/wp-content\/uploads\/2025\/12\/consultATMS_infos-1-1024x580.webp 1024w, https:\/\/orthopus.com\/wp-content\/uploads\/2025\/12\/consultATMS_infos-1-768x435.webp 768w, https:\/\/orthopus.com\/wp-content\/uploads\/2025\/12\/consultATMS_infos-1-1536x870.webp 1536w, https:\/\/orthopus.com\/wp-content\/uploads\/2025\/12\/consultATMS_infos-1-2048x1160.webp 2048w, https:\/\/orthopus.com\/wp-content\/uploads\/2025\/12\/consultATMS_infos-1-150x85.webp 150w, https:\/\/orthopus.com\/wp-content\/uploads\/2025\/12\/consultATMS_infos-1-600x340.webp 600w, https:\/\/orthopus.com\/wp-content\/uploads\/2025\/12\/consultATMS_infos-1-200x113.webp 200w\" sizes=\"(max-width: 2560px) 100vw, 2560px\" \/>\t\t\t\t\t\t\t\t\t\t\t\t\t\t\t<\/div>\n\t\t\t\t<\/div>\n\t\t\t\t<div class=\"elementor-element elementor-element-6f38ce4 elementor-align-center elementor-widget elementor-widget-button\" data-id=\"6f38ce4\" data-element_type=\"widget\" data-e-type=\"widget\" data-widget_type=\"button.default\">\n\t\t\t\t<div class=\"elementor-widget-container\">\n\t\t\t\t\t\t\t\t\t<div class=\"elementor-button-wrapper\">\n\t\t\t\t\t<a class=\"elementor-button elementor-button-link elementor-size-sm elementor-animation-float\" href=\"https:\/\/orthopus.com\/download\/consultations-compensation-du-membre-superieur-decembre-2023\/?wpdmdl=9368&#038;masterkey=zLC_WJ9_WBDVEzvMsSOJdo2HbMV8q6tjmpMAfWeMc5OMMRFlhP-YWE05JUx9-zePLYjOH_Krc_MH_5RVhK28IdEJvq2blNKfCdeyrgBhx6w\" target=\"_blank\">\n\t\t\t\t\t\t<span class=\"elementor-button-content-wrapper\">\n\t\t\t\t\t\t\t\t\t<span class=\"elementor-button-text\">T\u00c9L\u00c9CHARGER LA CARTE DES CONSULTATIONS<\/span>\n\t\t\t\t\t<\/span>\n\t\t\t\t\t<\/a>\n\t\t\t\t<\/div>\n\t\t\t\t\t\t\t\t<\/div>\n\t\t\t\t<\/div>\n\t\t\t\t<div class=\"elementor-element elementor-element-9ae4105 elementor-widget elementor-widget-spacer\" data-id=\"9ae4105\" data-element_type=\"widget\" data-e-type=\"widget\" data-widget_type=\"spacer.default\">\n\t\t\t\t<div class=\"elementor-widget-container\">\n\t\t\t\t\t\t\t<div class=\"elementor-spacer\">\n\t\t\t<div class=\"elementor-spacer-inner\"><\/div>\n\t\t<\/div>\n\t\t\t\t\t\t<\/div>\n\t\t\t\t<\/div>\n\t\t\t\t\t<\/div>\n\t\t<\/div>\n\t\t\t\t\t<\/div>\n\t\t<\/section>\n\t\t\t\t\t<\/div>\n\t\t<\/div>\n\t\t\t\t\t<\/div>\n\t\t<\/section>\n\t\t\t\t<section class=\"elementor-section elementor-top-section elementor-element elementor-element-5daedd8 elementor-section-boxed elementor-section-height-default elementor-section-height-default\" data-id=\"5daedd8\" data-element_type=\"section\" data-e-type=\"section\" data-settings=\"{&quot;jet_parallax_layout_list&quot;:[]}\">\n\t\t\t\t\t\t<div class=\"elementor-container elementor-column-gap-default\">\n\t\t\t\t\t<div class=\"elementor-column elementor-col-100 elementor-top-column elementor-element elementor-element-4d91b21\" data-id=\"4d91b21\" data-element_type=\"column\" data-e-type=\"column\">\n\t\t\t<div class=\"elementor-widget-wrap elementor-element-populated\">\n\t\t\t\t\t\t<div class=\"elementor-element elementor-element-d14b6eb elementor-widget elementor-widget-spacer\" data-id=\"d14b6eb\" data-element_type=\"widget\" data-e-type=\"widget\" data-widget_type=\"spacer.default\">\n\t\t\t\t<div class=\"elementor-widget-container\">\n\t\t\t\t\t\t\t<div class=\"elementor-spacer\">\n\t\t\t<div class=\"elementor-spacer-inner\"><\/div>\n\t\t<\/div>\n\t\t\t\t\t\t<\/div>\n\t\t\t\t<\/div>\n\t\t\t\t\t<\/div>\n\t\t<\/div>\n\t\t\t\t\t<\/div>\n\t\t<\/section>\n\t\t\t\t<section class=\"elementor-section elementor-top-section elementor-element elementor-element-fb4efc6 elementor-section-boxed elementor-section-height-default elementor-section-height-default\" data-id=\"fb4efc6\" data-element_type=\"section\" data-e-type=\"section\" data-settings=\"{&quot;jet_parallax_layout_list&quot;:[]}\">\n\t\t\t\t\t\t<div class=\"elementor-container elementor-column-gap-default\">\n\t\t\t\t\t<div class=\"elementor-column elementor-col-100 elementor-top-column elementor-element elementor-element-07ef977\" data-id=\"07ef977\" data-element_type=\"column\" data-e-type=\"column\">\n\t\t\t<div class=\"elementor-widget-wrap elementor-element-populated\">\n\t\t\t\t\t\t<div class=\"elementor-element elementor-element-6478973 elementor-widget elementor-widget-heading\" data-id=\"6478973\" data-element_type=\"widget\" data-e-type=\"widget\" data-widget_type=\"heading.default\">\n\t\t\t\t<div class=\"elementor-widget-container\">\n\t\t\t\t\t<h2 class=\"elementor-heading-title elementor-size-default\">UNE QUESTION ?<\/h2>\t\t\t\t<\/div>\n\t\t\t\t<\/div>\n\t\t\t\t<div class=\"elementor-element elementor-element-889123d elementor-widget elementor-widget-text-editor\" data-id=\"889123d\" data-element_type=\"widget\" data-e-type=\"widget\" data-widget_type=\"text-editor.default\">\n\t\t\t\t<div class=\"elementor-widget-container\">\n\t\t\t\t\t\t\t\t\tContactez-nous via notre formulaire ! Notre \u00e9quipe se fera un plaisir de vous r\u00e9pondre.\t\t\t\t\t\t\t\t<\/div>\n\t\t\t\t<\/div>\n\t\t\t\t<div class=\"elementor-element elementor-element-bedd9aa elementor-align-center elementor-widget elementor-widget-button\" data-id=\"bedd9aa\" data-element_type=\"widget\" data-e-type=\"widget\" data-widget_type=\"button.default\">\n\t\t\t\t<div class=\"elementor-widget-container\">\n\t\t\t\t\t\t\t\t\t<div class=\"elementor-button-wrapper\">\n\t\t\t\t\t<a class=\"elementor-button elementor-button-link elementor-size-sm elementor-animation-float\" href=\"https:\/\/orthopus.com\/fr\/contact\/\" target=\"_blank\">\n\t\t\t\t\t\t<span class=\"elementor-button-content-wrapper\">\n\t\t\t\t\t\t\t\t\t<span class=\"elementor-button-text\">CONTACTEZ NOUS<\/span>\n\t\t\t\t\t<\/span>\n\t\t\t\t\t<\/a>\n\t\t\t\t<\/div>\n\t\t\t\t\t\t\t\t<\/div>\n\t\t\t\t<\/div>\n\t\t\t\t\t<\/div>\n\t\t<\/div>\n\t\t\t\t\t<\/div>\n\t\t<\/section>\n\t\t\t\t<section class=\"elementor-section elementor-top-section elementor-element elementor-element-edbf203 elementor-section-boxed elementor-section-height-default elementor-section-height-default\" data-id=\"edbf203\" data-element_type=\"section\" data-e-type=\"section\" data-settings=\"{&quot;jet_parallax_layout_list&quot;:[]}\">\n\t\t\t\t\t\t<div class=\"elementor-container elementor-column-gap-default\">\n\t\t\t\t\t<div class=\"elementor-column elementor-col-100 elementor-top-column elementor-element elementor-element-c3ca743\" data-id=\"c3ca743\" data-element_type=\"column\" data-e-type=\"column\">\n\t\t\t<div class=\"elementor-widget-wrap elementor-element-populated\">\n\t\t\t\t\t\t<div class=\"elementor-element elementor-element-5c5eb6d elementor-widget elementor-widget-spacer\" data-id=\"5c5eb6d\" data-element_type=\"widget\" data-e-type=\"widget\" data-widget_type=\"spacer.default\">\n\t\t\t\t<div class=\"elementor-widget-container\">\n\t\t\t\t\t\t\t<div class=\"elementor-spacer\">\n\t\t\t<div class=\"elementor-spacer-inner\"><\/div>\n\t\t<\/div>\n\t\t\t\t\t\t<\/div>\n\t\t\t\t<\/div>\n\t\t\t\t\t<\/div>\n\t\t<\/div>\n\t\t\t\t\t<\/div>\n\t\t<\/section>\n\t\t\t\t<\/div>\n\t\t","protected":false},"excerpt":{"rendered":"<p>Plusieurs \u00e9tablissements de sant\u00e9 ont mis en place des Consultations d\u00e9di\u00e9es \u00e0 la compensation des membres sup\u00e9rieurs (dont plusieurs avec le soutien de l\u2019AFM T\u00e9l\u00e9thon). Ces services proposent des consultations pluridisciplinaires et disposent d\u2019un parc d\u2019aides techniques d\u00e9di\u00e9es \u00e0 la mobilit\u00e9 des bras. Les avantages de ce dispositif : &#x1f449; l\u2019accompagnement complet, de l\u2019identification du [&hellip;]<\/p>\n","protected":false},"author":9,"featured_media":0,"parent":0,"menu_order":0,"comment_status":"closed","ping_status":"closed","template":"","meta":{"_jet_sm_ready_style":"","_jet_sm_style":"","_jet_sm_controls_values":"","_jet_sm_fonts_collection":"","_jet_sm_fonts_links":"","footnotes":""},"class_list":["post-10783","page","type-page","status-publish","hentry"],"yoast_head":"<!-- This site is optimized with the Yoast SEO plugin v27.4 - https:\/\/yoast.com\/product\/yoast-seo-wordpress\/ -->\n<title>Compensation du membre sup\u00e9rieur - Consultations d\u00e9di\u00e9es - ORTHOPUS<\/title>\n<meta name=\"description\" content=\"Cartographie et coordonn\u00e9es des Consultations d\u00e9di\u00e9es \u00e0 la compensation des membres sup\u00e9rieurs sur le territoire fran\u00e7ais\" \/>\n<meta name=\"robots\" content=\"index, follow, max-snippet:-1, max-image-preview:large, max-video-preview:-1\" \/>\n<link rel=\"canonical\" href=\"https:\/\/orthopus.com\/fr\/compensation-du-membre-superieur-consultations-dediees\/\" \/>\n<meta property=\"og:locale\" content=\"fr_FR\" \/>\n<meta property=\"og:type\" content=\"article\" \/>\n<meta property=\"og:title\" content=\"Compensation du membre sup\u00e9rieur - Consultations d\u00e9di\u00e9es - ORTHOPUS\" \/>\n<meta property=\"og:description\" content=\"Cartographie et coordonn\u00e9es des Consultations d\u00e9di\u00e9es \u00e0 la compensation des membres sup\u00e9rieurs sur le territoire fran\u00e7ais\" \/>\n<meta property=\"og:url\" content=\"https:\/\/orthopus.com\/fr\/compensation-du-membre-superieur-consultations-dediees\/\" \/>\n<meta property=\"og:site_name\" content=\"ORTHOPUS\" \/>\n<meta property=\"article:modified_time\" content=\"2025-12-03T10:14:29+00:00\" \/>\n<meta property=\"og:image\" content=\"https:\/\/orthopus.com\/wp-content\/uploads\/2023\/09\/screenconsultATMS-1024x728.png\" \/>\n<meta name=\"twitter:card\" content=\"summary_large_image\" \/>\n<meta name=\"twitter:label1\" content=\"Dur\u00e9e de lecture estim\u00e9e\" \/>\n\t<meta name=\"twitter:data1\" content=\"1 minute\" \/>\n<script type=\"application\/ld+json\" class=\"yoast-schema-graph\">{\"@context\":\"https:\\\/\\\/schema.org\",\"@graph\":[{\"@type\":\"WebPage\",\"@id\":\"https:\\\/\\\/orthopus.com\\\/fr\\\/compensation-du-membre-superieur-consultations-dediees\\\/\",\"url\":\"https:\\\/\\\/orthopus.com\\\/fr\\\/compensation-du-membre-superieur-consultations-dediees\\\/\",\"name\":\"Compensation du membre sup\u00e9rieur - Consultations d\u00e9di\u00e9es - ORTHOPUS\",\"isPartOf\":{\"@id\":\"https:\\\/\\\/orthopus.com\\\/#website\"},\"primaryImageOfPage\":{\"@id\":\"https:\\\/\\\/orthopus.com\\\/fr\\\/compensation-du-membre-superieur-consultations-dediees\\\/#primaryimage\"},\"image\":{\"@id\":\"https:\\\/\\\/orthopus.com\\\/fr\\\/compensation-du-membre-superieur-consultations-dediees\\\/#primaryimage\"},\"thumbnailUrl\":\"https:\\\/\\\/orthopus.com\\\/wp-content\\\/uploads\\\/2023\\\/09\\\/screenconsultATMS-1024x728.png\",\"datePublished\":\"2024-06-11T14:23:20+00:00\",\"dateModified\":\"2025-12-03T10:14:29+00:00\",\"description\":\"Cartographie et coordonn\u00e9es des Consultations d\u00e9di\u00e9es \u00e0 la compensation des membres sup\u00e9rieurs sur le territoire fran\u00e7ais\",\"breadcrumb\":{\"@id\":\"https:\\\/\\\/orthopus.com\\\/fr\\\/compensation-du-membre-superieur-consultations-dediees\\\/#breadcrumb\"},\"inLanguage\":\"fr-FR\",\"potentialAction\":[{\"@type\":\"ReadAction\",\"target\":[\"https:\\\/\\\/orthopus.com\\\/fr\\\/compensation-du-membre-superieur-consultations-dediees\\\/\"]}]},{\"@type\":\"ImageObject\",\"inLanguage\":\"fr-FR\",\"@id\":\"https:\\\/\\\/orthopus.com\\\/fr\\\/compensation-du-membre-superieur-consultations-dediees\\\/#primaryimage\",\"url\":\"https:\\\/\\\/orthopus.com\\\/wp-content\\\/uploads\\\/2023\\\/09\\\/screenconsultATMS-1024x728.png\",\"contentUrl\":\"https:\\\/\\\/orthopus.com\\\/wp-content\\\/uploads\\\/2023\\\/09\\\/screenconsultATMS-1024x728.png\"},{\"@type\":\"BreadcrumbList\",\"@id\":\"https:\\\/\\\/orthopus.com\\\/fr\\\/compensation-du-membre-superieur-consultations-dediees\\\/#breadcrumb\",\"itemListElement\":[{\"@type\":\"ListItem\",\"position\":1,\"name\":\"Accueil\",\"item\":\"https:\\\/\\\/orthopus.com\\\/fr\\\/\"},{\"@type\":\"ListItem\",\"position\":2,\"name\":\"Compensation du membre sup\u00e9rieur &#8211; Consultations d\u00e9di\u00e9es\"}]},{\"@type\":\"WebSite\",\"@id\":\"https:\\\/\\\/orthopus.com\\\/#website\",\"url\":\"https:\\\/\\\/orthopus.com\\\/\",\"name\":\"ORTHOPUS\",\"description\":\"Handitech solutions for everyone\",\"publisher\":{\"@id\":\"https:\\\/\\\/orthopus.com\\\/#organization\"},\"potentialAction\":[{\"@type\":\"SearchAction\",\"target\":{\"@type\":\"EntryPoint\",\"urlTemplate\":\"https:\\\/\\\/orthopus.com\\\/?s={search_term_string}\"},\"query-input\":{\"@type\":\"PropertyValueSpecification\",\"valueRequired\":true,\"valueName\":\"search_term_string\"}}],\"inLanguage\":\"fr-FR\"},{\"@type\":\"Organization\",\"@id\":\"https:\\\/\\\/orthopus.com\\\/#organization\",\"name\":\"ORTHOPUS\",\"url\":\"https:\\\/\\\/orthopus.com\\\/\",\"logo\":{\"@type\":\"ImageObject\",\"inLanguage\":\"fr-FR\",\"@id\":\"https:\\\/\\\/orthopus.com\\\/#\\\/schema\\\/logo\\\/image\\\/\",\"url\":\"https:\\\/\\\/orthopus.com\\\/wp-content\\\/uploads\\\/2020\\\/04\\\/Logo-ORTHOPUS-support-de-bras-personnalisable.png\",\"contentUrl\":\"https:\\\/\\\/orthopus.com\\\/wp-content\\\/uploads\\\/2020\\\/04\\\/Logo-ORTHOPUS-support-de-bras-personnalisable.png\",\"width\":416,\"height\":98,\"caption\":\"ORTHOPUS\"},\"image\":{\"@id\":\"https:\\\/\\\/orthopus.com\\\/#\\\/schema\\\/logo\\\/image\\\/\"}}]}<\/script>\n<!-- \/ Yoast SEO plugin. -->","yoast_head_json":{"title":"Compensation du membre sup\u00e9rieur - Consultations d\u00e9di\u00e9es - ORTHOPUS","description":"Cartographie et coordonn\u00e9es des Consultations d\u00e9di\u00e9es \u00e0 la compensation des membres sup\u00e9rieurs sur le territoire fran\u00e7ais","robots":{"index":"index","follow":"follow","max-snippet":"max-snippet:-1","max-image-preview":"max-image-preview:large","max-video-preview":"max-video-preview:-1"},"canonical":"https:\/\/orthopus.com\/fr\/compensation-du-membre-superieur-consultations-dediees\/","og_locale":"fr_FR","og_type":"article","og_title":"Compensation du membre sup\u00e9rieur - Consultations d\u00e9di\u00e9es - ORTHOPUS","og_description":"Cartographie et coordonn\u00e9es des Consultations d\u00e9di\u00e9es \u00e0 la compensation des membres sup\u00e9rieurs sur le territoire fran\u00e7ais","og_url":"https:\/\/orthopus.com\/fr\/compensation-du-membre-superieur-consultations-dediees\/","og_site_name":"ORTHOPUS","article_modified_time":"2025-12-03T10:14:29+00:00","og_image":[{"url":"https:\/\/orthopus.com\/wp-content\/uploads\/2023\/09\/screenconsultATMS-1024x728.png","type":"","width":"","height":""}],"twitter_card":"summary_large_image","twitter_misc":{"Dur\u00e9e de lecture estim\u00e9e":"1 minute"},"schema":{"@context":"https:\/\/schema.org","@graph":[{"@type":"WebPage","@id":"https:\/\/orthopus.com\/fr\/compensation-du-membre-superieur-consultations-dediees\/","url":"https:\/\/orthopus.com\/fr\/compensation-du-membre-superieur-consultations-dediees\/","name":"Compensation du membre sup\u00e9rieur - Consultations d\u00e9di\u00e9es - ORTHOPUS","isPartOf":{"@id":"https:\/\/orthopus.com\/#website"},"primaryImageOfPage":{"@id":"https:\/\/orthopus.com\/fr\/compensation-du-membre-superieur-consultations-dediees\/#primaryimage"},"image":{"@id":"https:\/\/orthopus.com\/fr\/compensation-du-membre-superieur-consultations-dediees\/#primaryimage"},"thumbnailUrl":"https:\/\/orthopus.com\/wp-content\/uploads\/2023\/09\/screenconsultATMS-1024x728.png","datePublished":"2024-06-11T14:23:20+00:00","dateModified":"2025-12-03T10:14:29+00:00","description":"Cartographie et coordonn\u00e9es des Consultations d\u00e9di\u00e9es \u00e0 la compensation des membres sup\u00e9rieurs sur le territoire fran\u00e7ais","breadcrumb":{"@id":"https:\/\/orthopus.com\/fr\/compensation-du-membre-superieur-consultations-dediees\/#breadcrumb"},"inLanguage":"fr-FR","potentialAction":[{"@type":"ReadAction","target":["https:\/\/orthopus.com\/fr\/compensation-du-membre-superieur-consultations-dediees\/"]}]},{"@type":"ImageObject","inLanguage":"fr-FR","@id":"https:\/\/orthopus.com\/fr\/compensation-du-membre-superieur-consultations-dediees\/#primaryimage","url":"https:\/\/orthopus.com\/wp-content\/uploads\/2023\/09\/screenconsultATMS-1024x728.png","contentUrl":"https:\/\/orthopus.com\/wp-content\/uploads\/2023\/09\/screenconsultATMS-1024x728.png"},{"@type":"BreadcrumbList","@id":"https:\/\/orthopus.com\/fr\/compensation-du-membre-superieur-consultations-dediees\/#breadcrumb","itemListElement":[{"@type":"ListItem","position":1,"name":"Accueil","item":"https:\/\/orthopus.com\/fr\/"},{"@type":"ListItem","position":2,"name":"Compensation du membre sup\u00e9rieur &#8211; Consultations d\u00e9di\u00e9es"}]},{"@type":"WebSite","@id":"https:\/\/orthopus.com\/#website","url":"https:\/\/orthopus.com\/","name":"ORTHOPUS","description":"Handitech solutions for everyone","publisher":{"@id":"https:\/\/orthopus.com\/#organization"},"potentialAction":[{"@type":"SearchAction","target":{"@type":"EntryPoint","urlTemplate":"https:\/\/orthopus.com\/?s={search_term_string}"},"query-input":{"@type":"PropertyValueSpecification","valueRequired":true,"valueName":"search_term_string"}}],"inLanguage":"fr-FR"},{"@type":"Organization","@id":"https:\/\/orthopus.com\/#organization","name":"ORTHOPUS","url":"https:\/\/orthopus.com\/","logo":{"@type":"ImageObject","inLanguage":"fr-FR","@id":"https:\/\/orthopus.com\/#\/schema\/logo\/image\/","url":"https:\/\/orthopus.com\/wp-content\/uploads\/2020\/04\/Logo-ORTHOPUS-support-de-bras-personnalisable.png","contentUrl":"https:\/\/orthopus.com\/wp-content\/uploads\/2020\/04\/Logo-ORTHOPUS-support-de-bras-personnalisable.png","width":416,"height":98,"caption":"ORTHOPUS"},"image":{"@id":"https:\/\/orthopus.com\/#\/schema\/logo\/image\/"}}]}},"_links":{"self":[{"href":"https:\/\/orthopus.com\/fr\/wp-json\/wp\/v2\/pages\/10783","targetHints":{"allow":["GET"]}}],"collection":[{"href":"https:\/\/orthopus.com\/fr\/wp-json\/wp\/v2\/pages"}],"about":[{"href":"https:\/\/orthopus.com\/fr\/wp-json\/wp\/v2\/types\/page"}],"author":[{"embeddable":true,"href":"https:\/\/orthopus.com\/fr\/wp-json\/wp\/v2\/users\/9"}],"replies":[{"embeddable":true,"href":"https:\/\/orthopus.com\/fr\/wp-json\/wp\/v2\/comments?post=10783"}],"version-history":[{"count":23,"href":"https:\/\/orthopus.com\/fr\/wp-json\/wp\/v2\/pages\/10783\/revisions"}],"predecessor-version":[{"id":18571,"href":"https:\/\/orthopus.com\/fr\/wp-json\/wp\/v2\/pages\/10783\/revisions\/18571"}],"wp:attachment":[{"href":"https:\/\/orthopus.com\/fr\/wp-json\/wp\/v2\/media?parent=10783"}],"curies":[{"name":"wp","href":"https:\/\/api.w.org\/{rel}","templated":true}]}}